{"id":161,"date":"2018-02-06T10:55:14","date_gmt":"2018-02-06T09:55:14","guid":{"rendered":"http:\/\/anton-vogt-braeunlingen.de\/?page_id=161"},"modified":"2019-01-20T12:43:18","modified_gmt":"2019-01-20T11:43:18","slug":"dantenschutzerklaerung","status":"publish","type":"page","link":"http:\/\/anton-vogt-braeunlingen.de\/?page_id=161","title":{"rendered":"Datenschutzerkl\u00e4rung"},"content":{"rendered":"<p style=\"text-align: left;\">Datenschutz<\/p>\n<p>Die Betreiber dieser Seite nehmen den Datenschutz sehr ernst. Deswegen behandeln wir Ihre Daten vertrauensw\u00fcrdig und entsprechend der gesetzlichen Datenschutzvorschriften und dieser Datenschutzerkl\u00e4rung.<br \/>\nDie Nutzung unserer Website ist im Regelfall ohne personenbezogene Angaben m\u00f6glich. Wenn Sie doch einmal Angaben zu Ihrer Person machen m\u00fcssen, sind diese, soweit m\u00f6glich, nur auf freiwilliger Basis anzugeben. Diese werden ohne Ihre Zustimmung keinesfalls an Dritte weitergegeben.<br \/>\nWir m\u00f6chten Sie jedoch darauf aufmerksam machen, dass Daten\u00fcbertragungen im Internet (z.B. bei der Kommunikation per Email o.\u00e4) Sicherheitsl\u00fccken aufweisen k\u00f6nnen. Ein L\u00fcckenloser Schutz der Daten vor dem Zugriff Dritter ist leider nicht m\u00f6glich.<\/p>\n<p>Ankunft, L\u00f6schung und Sperrung<\/p>\n<p>Sie haben jederzeit das Recht auf unentgeltliche Auskunft \u00fcber Ihre gespeicherten personenbezogenen Daten.<br \/>\nDarin enthalten der Zweck der Datenverarbeitung, die Herkunft der Daten, den Empf\u00e4nger der Daten, sowie das Recht auf Berichtigung, Sperrung oder L\u00f6schung dieser Daten.<br \/>\nBei weiteren Fragen k\u00f6nnen Sie sich an die im Impressum angeben Kontaktangaben wenden.<\/p>\n<p>Widerspruch Werbe-Emails<\/p>\n<p>Der Nutzung von im Rahmen der Impressumgspflicht ver\u00f6ffentlichten Kontaktdaten zur \u00dcbersendung von nicht ausdr\u00fccklich angeforderter Werbung, Informationsmaterial und anderem wird hiermit widersprochen.<br \/>\nDie Betreiber dieser Seite behalten sich ausdr\u00fccklich rechtliche Schritte im Falle der unverlangten Zustellung von Werbeinformationen und sonstigen unerw\u00fcnschten Emails vor.<\/p>\n","protected":false},"excerpt":{"rendered":"<p>Datenschutz Die Betreiber dieser Seite nehmen den Datenschutz sehr ernst. Deswegen behandeln wir Ihre Daten vertrauensw\u00fcrdig und entsprechend der gesetzlichen Datenschutzvorschriften und dieser Datenschutzerkl\u00e4rung. Die Nutzung unserer Website ist im Regelfall ohne personenbezogene Angaben m\u00f6glich.&hellip; <a href=\"http:\/\/anton-vogt-braeunlingen.de\/?page_id=161\">Mehr<\/a><\/p>\n","protected":false},"author":1,"featured_media":0,"parent":0,"menu_order":0,"comment_status":"closed","ping_status":"closed","template":"","meta":{"footnotes":""},"class_list":["post-161","page","type-page","status-publish","hentry"],"_links":{"self":[{"href":"http:\/\/anton-vogt-braeunlingen.de\/index.php?rest_route=\/wp\/v2\/pages\/161","targetHints":{"allow":["GET"]}}],"collection":[{"href":"http:\/\/anton-vogt-braeunlingen.de\/index.php?rest_route=\/wp\/v2\/pages"}],"about":[{"href":"http:\/\/anton-vogt-braeunlingen.de\/index.php?rest_route=\/wp\/v2\/types\/page"}],"author":[{"embeddable":true,"href":"http:\/\/anton-vogt-braeunlingen.de\/index.php?rest_route=\/wp\/v2\/users\/1"}],"replies":[{"embeddable":true,"href":"http:\/\/anton-vogt-braeunlingen.de\/index.php?rest_route=%2Fwp%2Fv2%2Fcomments&post=161"}],"version-history":[{"count":4,"href":"http:\/\/anton-vogt-braeunlingen.de\/index.php?rest_route=\/wp\/v2\/pages\/161\/revisions"}],"predecessor-version":[{"id":269,"href":"http:\/\/anton-vogt-braeunlingen.de\/index.php?rest_route=\/wp\/v2\/pages\/161\/revisions\/269"}],"wp:attachment":[{"href":"http:\/\/anton-vogt-braeunlingen.de\/index.php?rest_route=%2Fwp%2Fv2%2Fmedia&parent=161"}],"curies":[{"name":"wp","href":"https:\/\/api.w.org\/{rel}","templated":true}]}}