{"id":16,"date":"2017-05-09T14:49:10","date_gmt":"2017-05-09T13:49:10","guid":{"rendered":"http:\/\/anton-vogt-braeunlingen.de\/?page_id=16"},"modified":"2019-01-20T12:48:05","modified_gmt":"2019-01-20T11:48:05","slug":"impressum","status":"publish","type":"page","link":"http:\/\/anton-vogt-braeunlingen.de\/?page_id=16","title":{"rendered":"Impressum"},"content":{"rendered":"<p>Haftungsauschuss<\/p>\n<p>Haftung f\u00fcr Inhalte<br \/>\nAls Dienstanbieter sind wir gem\u00e4\u00df \u00a7 7 Ans. 1 TMG f\u00fcr eigene Inhalte auf dieser Website nach den allgemeinen Gesetzen verantwortlich. Nach \u00a7 8 bis 10 TMG sind wir als Dienstanbieter jedoch nicht verpflichtet, \u00fcbermittelte und gespeicherte Informationen zu \u00fcberwachender nach deren Umst\u00e4nden zu ermitteln, die auf rechtswidrige T\u00e4tigkeiten hinweisen.<br \/>\nDie Verpflichtung zur Sperrung oder L\u00f6schung der Nutzung von Informationen nach den allgeil geltenden Gesetzen bleiben davon unber\u00fchrt.<br \/>\nEine Haftung zu den diesbez\u00fcglichen Verletzungen, ist jedoch erst ab dem Zeitpunkt der Kenntnis \u00fcber die konkrete Rechtsverletzung m\u00f6glich.<\/p>\n<p>Haftung f\u00fcr Links<br \/>\nUnsere Website kann Links zu externen Webseiten Dritter enthalten, auf deren Inhalt wir keinen Einfluss haben. Aus diesem Grund k\u00f6nnen wir f\u00fcr diese Inhalte keine Gew\u00e4hr \u00fcbernehmen.<br \/>\nF\u00fcr diese Inhalte sind stets die jeweiligen Anbieter selbst verantwortlich.<br \/>\nZur Zeit der Verlinkung werden wir die Seiten jedoch stets nach m\u00f6glichen Rechtsverst\u00f6\u00dfen \u00fcberpr\u00fcfen. Rechtverst\u00f6\u00dfe waren demnach zum Zeitpunkt der Verlinkung nicht erkennbar. Eine permanente und regelm\u00e4\u00dfige inhaltliche Kontrolle der verlinkten Seiten ist jedoch ohne konkrete Anhaltspunkte einer Rechtsverletzung nicht zumutbar. Bei Bekanntgabe einer Rechtsverletzung werden wir den Link umgehend entfernen.<\/p>\n<p>Urheberrecht<br \/>\nDie erstellten Inhalte und Werke dieser Homepage unterliegen dem deutschen Urheberrecht. Ohne die Zustimmung des Seitenbetreibers unterliegen die Verf\u00e4ltigung, Bearbeitung, Verbreitung oder sonstige Art der Verwendung, f\u00fcr alle Inhalte der Seite, dem Urheberrecht.<br \/>\nDownloads oder Kopien der Seiteninhalte sind nur f\u00fcr den privaten Gebrauch und nicht f\u00fcr den kommerziellen Gebraucht gestattet. Inhalt Dritter werden als solche gekennzeichnet und auch mit dem Urheberrecht Dritter behandelt. Sollten Sie doch auf einen Urheberrechtsverletzung aufmerksam werden, bitte wir Sie und zu benachrichtigen. In diesem Falle w\u00fcrden wir die&nbsp;Inhalte umgehend entfernen.<\/p>\n<p>Bildnachweis und Bildrechte.<br \/>\nDie auf dieser Seite verwendeten Bilder und Fotos wurden ausschlie\u00dflich selbst fotografiert. Ist das in Ausnahmen nicht der Fall, so sind die Bilder mit dem K\u00fcnstler gekennzeichnet oder die Lizenzen zu den Bildrechten wurden von uns gekauft.<br \/>\nAlle Bilder und Fotos d\u00fcrfen Werder kopiert noch in irgendeiner anderen Form vervielf\u00e4ltigt werden. Sie sind Eigentum des K\u00fcnstlers und unterliegen den Urheberrecht.<\/p>\n<p>K\u00fcnstlernamen und Bildquellen<\/p>\n<ul>\n<li><\/li>\n<\/ul>\n<p>Erstellung der Website<br \/>\nDie Website wurde mit WordPress auf Basis eines kostenlosen Themes von Selina Seifried erstellt.<\/p>\n","protected":false},"excerpt":{"rendered":"<p>Haftungsauschuss Haftung f\u00fcr Inhalte Als Dienstanbieter sind wir gem\u00e4\u00df \u00a7 7 Ans. 1 TMG f\u00fcr eigene Inhalte auf dieser Website nach den allgemeinen Gesetzen verantwortlich. Nach \u00a7 8 bis 10 TMG sind wir als Dienstanbieter&hellip; <a href=\"http:\/\/anton-vogt-braeunlingen.de\/?page_id=16\">Mehr<\/a><\/p>\n","protected":false},"author":1,"featured_media":0,"parent":0,"menu_order":0,"comment_status":"closed","ping_status":"closed","template":"","meta":{"footnotes":""},"class_list":["post-16","page","type-page","status-publish","hentry"],"_links":{"self":[{"href":"http:\/\/anton-vogt-braeunlingen.de\/index.php?rest_route=\/wp\/v2\/pages\/16","targetHints":{"allow":["GET"]}}],"collection":[{"href":"http:\/\/anton-vogt-braeunlingen.de\/index.php?rest_route=\/wp\/v2\/pages"}],"about":[{"href":"http:\/\/anton-vogt-braeunlingen.de\/index.php?rest_route=\/wp\/v2\/types\/page"}],"author":[{"embeddable":true,"href":"http:\/\/anton-vogt-braeunlingen.de\/index.php?rest_route=\/wp\/v2\/users\/1"}],"replies":[{"embeddable":true,"href":"http:\/\/anton-vogt-braeunlingen.de\/index.php?rest_route=%2Fwp%2Fv2%2Fcomments&post=16"}],"version-history":[{"count":5,"href":"http:\/\/anton-vogt-braeunlingen.de\/index.php?rest_route=\/wp\/v2\/pages\/16\/revisions"}],"predecessor-version":[{"id":270,"href":"http:\/\/anton-vogt-braeunlingen.de\/index.php?rest_route=\/wp\/v2\/pages\/16\/revisions\/270"}],"wp:attachment":[{"href":"http:\/\/anton-vogt-braeunlingen.de\/index.php?rest_route=%2Fwp%2Fv2%2Fmedia&parent=16"}],"curies":[{"name":"wp","href":"https:\/\/api.w.org\/{rel}","templated":true}]}}