{"id":145,"date":"2018-02-06T10:13:27","date_gmt":"2018-02-06T09:13:27","guid":{"rendered":"http:\/\/anton-vogt-braeunlingen.de\/?page_id=145"},"modified":"2019-01-20T12:38:16","modified_gmt":"2019-01-20T11:38:16","slug":"startseite","status":"publish","type":"page","link":"http:\/\/anton-vogt-braeunlingen.de\/","title":{"rendered":"Startseite"},"content":{"rendered":"<h2 style=\"text-align: center;\"><strong><span style=\"color: #000080;\">Herzliche Willkommen bei<br \/>Anton Vogt Transporte in Br\u00e4unlingen<\/span><\/strong><\/h2>\n<p>\u00a0<\/p>\n<p style=\"text-align: center;\"><span style=\"color: #000080;\">Wir freuen uns, dass Sie unsere Seite besuchen. <br \/>Alle wichtigen und interessanten Informationen \u00fcber uns <br \/>finden Sie hier auf einen Blick.<br \/><br \/>Viel Spa\u00df beim durchst\u00f6bern!<\/span><\/p>\n\n\n<p><\/p>\n","protected":false},"excerpt":{"rendered":"<p>Herzliche Willkommen beiAnton Vogt Transporte in Br\u00e4unlingen \u00a0 Wir freuen uns, dass Sie unsere Seite besuchen. Alle wichtigen und interessanten Informationen \u00fcber uns finden Sie hier auf einen Blick. Viel Spa\u00df beim durchst\u00f6bern!<\/p>\n","protected":false},"author":1,"featured_media":0,"parent":0,"menu_order":0,"comment_status":"closed","ping_status":"closed","template":"","meta":{"footnotes":""},"class_list":["post-145","page","type-page","status-publish","hentry"],"_links":{"self":[{"href":"http:\/\/anton-vogt-braeunlingen.de\/index.php?rest_route=\/wp\/v2\/pages\/145","targetHints":{"allow":["GET"]}}],"collection":[{"href":"http:\/\/anton-vogt-braeunlingen.de\/index.php?rest_route=\/wp\/v2\/pages"}],"about":[{"href":"http:\/\/anton-vogt-braeunlingen.de\/index.php?rest_route=\/wp\/v2\/types\/page"}],"author":[{"embeddable":true,"href":"http:\/\/anton-vogt-braeunlingen.de\/index.php?rest_route=\/wp\/v2\/users\/1"}],"replies":[{"embeddable":true,"href":"http:\/\/anton-vogt-braeunlingen.de\/index.php?rest_route=%2Fwp%2Fv2%2Fcomments&post=145"}],"version-history":[{"count":15,"href":"http:\/\/anton-vogt-braeunlingen.de\/index.php?rest_route=\/wp\/v2\/pages\/145\/revisions"}],"predecessor-version":[{"id":266,"href":"http:\/\/anton-vogt-braeunlingen.de\/index.php?rest_route=\/wp\/v2\/pages\/145\/revisions\/266"}],"wp:attachment":[{"href":"http:\/\/anton-vogt-braeunlingen.de\/index.php?rest_route=%2Fwp%2Fv2%2Fmedia&parent=145"}],"curies":[{"name":"wp","href":"https:\/\/api.w.org\/{rel}","templated":true}]}}