{"id":12,"date":"2017-05-09T14:45:59","date_gmt":"2017-05-09T13:45:59","guid":{"rendered":"http:\/\/anton-vogt-braeunlingen.de\/?page_id=12"},"modified":"2019-01-20T11:59:07","modified_gmt":"2019-01-20T10:59:07","slug":"kontakt","status":"publish","type":"page","link":"http:\/\/anton-vogt-braeunlingen.de\/?page_id=12","title":{"rendered":"Kontakt"},"content":{"rendered":"<h3 style=\"text-align: left;\"><strong><span style=\"color: #000080;\">Anfahrt:<\/span><\/strong><\/h3>\n<p style=\"text-align: left;\"><span style=\"color: #000080;\">Den Firmenstadort von Anton Vogt Transporte\u00a0<br \/><\/span><span style=\"color: #000080;\">liegt im Industriegebiet Niederwiesen. <br \/>Direkt zwischen den Orten Br\u00e4unlingen und H\u00fcfingen <br \/>im Industriegebiet. <br \/><\/span><\/p>\n<p style=\"text-align: left;\"><span style=\"color: #000080;\">Sie erreichen die Hubert-Weisser-Stra\u00dfe <br \/>genau wie auf der Skizze zu erkennen.<br \/>Wir freuen uns auf Ihren Besuch!<\/span><\/p>\n<p><a href=\"http:\/\/anton-vogt-braeunlingen.de\/wp-content\/uploads\/2018\/02\/Anfahrt_Kontakt_Vogt.png\"><img fetchpriority=\"high\" decoding=\"async\" class=\"size-full wp-image-156 alignnone\" src=\"http:\/\/anton-vogt-braeunlingen.de\/wp-content\/uploads\/2018\/02\/Anfahrt_Kontakt_Vogt.png\" alt=\"\" width=\"3202\" height=\"1579\" srcset=\"http:\/\/anton-vogt-braeunlingen.de\/wp-content\/uploads\/2018\/02\/Anfahrt_Kontakt_Vogt.png 3202w, http:\/\/anton-vogt-braeunlingen.de\/wp-content\/uploads\/2018\/02\/Anfahrt_Kontakt_Vogt-300x148.png 300w, http:\/\/anton-vogt-braeunlingen.de\/wp-content\/uploads\/2018\/02\/Anfahrt_Kontakt_Vogt-768x379.png 768w, http:\/\/anton-vogt-braeunlingen.de\/wp-content\/uploads\/2018\/02\/Anfahrt_Kontakt_Vogt-1024x505.png 1024w, http:\/\/anton-vogt-braeunlingen.de\/wp-content\/uploads\/2018\/02\/Anfahrt_Kontakt_Vogt-940x464.png 940w, http:\/\/anton-vogt-braeunlingen.de\/wp-content\/uploads\/2018\/02\/Anfahrt_Kontakt_Vogt-811x400.png 811w\" sizes=\"(max-width: 3202px) 100vw, 3202px\" \/><\/a><\/p>\n<p style=\"text-align: center;\"><strong><span style=\"color: #000080;\">Anton Vogt Transporte<\/span><\/strong><br \/><strong><span style=\"color: #000080;\"> Ihn. Anja Vogt e.K.<\/span><\/strong><\/p>\n<p style=\"text-align: center;\"><strong><span style=\"color: #000080;\">Hubert-Weisser-Stra\u00dfe 1<\/span><\/strong><br \/><strong><span style=\"color: #000080;\"> 78199 Br\u00e4unlingen<\/span><\/strong><\/p>\n<p style=\"text-align: center;\"><span style=\"color: #000080;\"><strong>Telefon: 0771 64299<\/strong><br \/><strong>Fax: 0771 64633<\/strong><\/span><\/p>\n<p>\u00a0<\/p>\n<h3 style=\"text-align: left;\"><strong><span style=\"color: #000080;\">Kontakt:<\/span><\/strong><\/h3>\n<p style=\"text-align: left;\"><span style=\"color: #000080;\">Gerne beantworten wir Ihnen Ihre Fragen,<br \/><\/span><span style=\"color: #000080;\">W\u00fcnsche und Anregungen auch \u00fcber unser Kontaktformular. <br \/>Sollten Sie jedoch ein dringendes Anliegen haben, <br \/>rufen Sie uns einfach an oder schicken ein Fax.<br \/>Vielen Dank im Voraus!<\/span><\/p>\n<p style=\"text-align: left;\">\n<div class=\"wpcf7 no-js\" id=\"wpcf7-f29-o1\" lang=\"de-DE\" dir=\"ltr\" data-wpcf7-id=\"29\">\n<div class=\"screen-reader-response\"><p role=\"status\" aria-live=\"polite\" aria-atomic=\"true\"><\/p> <ul><\/ul><\/div>\n<form action=\"\/index.php?rest_route=%2Fwp%2Fv2%2Fpages%2F12#wpcf7-f29-o1\" method=\"post\" class=\"wpcf7-form init\" aria-label=\"Kontaktformular\" enctype=\"multipart\/form-data\" novalidate=\"novalidate\" data-status=\"init\">\n<fieldset class=\"hidden-fields-container\"><input type=\"hidden\" name=\"_wpcf7\" value=\"29\" \/><input type=\"hidden\" name=\"_wpcf7_version\" value=\"6.1.5\" \/><input type=\"hidden\" name=\"_wpcf7_locale\" value=\"de_DE\" \/><input type=\"hidden\" name=\"_wpcf7_unit_tag\" value=\"wpcf7-f29-o1\" \/><input type=\"hidden\" name=\"_wpcf7_container_post\" value=\"0\" \/><input type=\"hidden\" name=\"_wpcf7_posted_data_hash\" value=\"\" \/>\n<\/fieldset>\n<p><label> Vor- und Nachname (Pflichtfeld)<br \/>\n<span class=\"wpcf7-form-control-wrap\" data-name=\"your-name\"><input size=\"40\" maxlength=\"400\" class=\"wpcf7-form-control wpcf7-text wpcf7-validates-as-required\" aria-required=\"true\" aria-invalid=\"false\" value=\"\" type=\"text\" name=\"your-name\" \/><\/span> <\/label>\n<\/p>\n<p><label> Ihre E-Mail-Adresse (Pflichtfeld)<br \/>\n<span class=\"wpcf7-form-control-wrap\" data-name=\"your-email\"><input size=\"40\" maxlength=\"400\" class=\"wpcf7-form-control wpcf7-email wpcf7-validates-as-required wpcf7-text wpcf7-validates-as-email\" aria-required=\"true\" aria-invalid=\"false\" value=\"\" type=\"email\" name=\"your-email\" \/><\/span> <\/label>\n<\/p>\n<p><label> Betreff<br \/>\n<span class=\"wpcf7-form-control-wrap\" data-name=\"your-subject\"><input size=\"40\" maxlength=\"400\" class=\"wpcf7-form-control wpcf7-text\" aria-invalid=\"false\" value=\"\" type=\"text\" name=\"your-subject\" \/><\/span> <\/label>\n<\/p>\n<p><label> Ihre Nachricht<br \/>\n<span class=\"wpcf7-form-control-wrap\" data-name=\"your-message\"><textarea cols=\"40\" rows=\"10\" maxlength=\"2000\" class=\"wpcf7-form-control wpcf7-textarea\" aria-invalid=\"false\" name=\"your-message\"><\/textarea><\/span> <\/label>\n<\/p>\n<p><label> Anhang\/Datei<br \/>\n<span class=\"wpcf7-form-control-wrap\" data-name=\"your-message\"><textarea cols=\"40\" rows=\"10\" maxlength=\"2000\" class=\"wpcf7-form-control wpcf7-textarea\" aria-invalid=\"false\" name=\"your-message\"><\/textarea><\/span> <\/label><span class=\"wpcf7-form-control-wrap\" data-name=\"file-95\"><input size=\"40\" class=\"wpcf7-form-control wpcf7-file\" accept=\"audio\/*,video\/*,image\/*\" aria-invalid=\"false\" type=\"file\" name=\"file-95\" \/><\/span>\n<\/p>\n<p><input class=\"wpcf7-form-control wpcf7-submit has-spinner\" type=\"submit\" value=\"Senden\" \/>\n<\/p><div class=\"wpcf7-response-output\" aria-hidden=\"true\"><\/div>\n<\/form>\n<\/div>\n<\/p>\n<p style=\"text-align: left;\">\u00a0<\/p>\n<p>\u00a0<\/p>\n\n\n<p><\/p>\n","protected":false},"excerpt":{"rendered":"<p>Anfahrt: Den Firmenstadort von Anton Vogt Transporte\u00a0liegt im Industriegebiet Niederwiesen. Direkt zwischen den Orten Br\u00e4unlingen und H\u00fcfingen im Industriegebiet. Sie erreichen die Hubert-Weisser-Stra\u00dfe genau wie auf der Skizze zu erkennen.Wir freuen uns auf Ihren Besuch!&hellip; <a href=\"http:\/\/anton-vogt-braeunlingen.de\/?page_id=12\">Mehr<\/a><\/p>\n","protected":false},"author":1,"featured_media":0,"parent":0,"menu_order":0,"comment_status":"closed","ping_status":"closed","template":"","meta":{"footnotes":""},"class_list":["post-12","page","type-page","status-publish","hentry"],"_links":{"self":[{"href":"http:\/\/anton-vogt-braeunlingen.de\/index.php?rest_route=\/wp\/v2\/pages\/12","targetHints":{"allow":["GET"]}}],"collection":[{"href":"http:\/\/anton-vogt-braeunlingen.de\/index.php?rest_route=\/wp\/v2\/pages"}],"about":[{"href":"http:\/\/anton-vogt-braeunlingen.de\/index.php?rest_route=\/wp\/v2\/types\/page"}],"author":[{"embeddable":true,"href":"http:\/\/anton-vogt-braeunlingen.de\/index.php?rest_route=\/wp\/v2\/users\/1"}],"replies":[{"embeddable":true,"href":"http:\/\/anton-vogt-braeunlingen.de\/index.php?rest_route=%2Fwp%2Fv2%2Fcomments&post=12"}],"version-history":[{"count":22,"href":"http:\/\/anton-vogt-braeunlingen.de\/index.php?rest_route=\/wp\/v2\/pages\/12\/revisions"}],"predecessor-version":[{"id":272,"href":"http:\/\/anton-vogt-braeunlingen.de\/index.php?rest_route=\/wp\/v2\/pages\/12\/revisions\/272"}],"wp:attachment":[{"href":"http:\/\/anton-vogt-braeunlingen.de\/index.php?rest_route=%2Fwp%2Fv2%2Fmedia&parent=12"}],"curies":[{"name":"wp","href":"https:\/\/api.w.org\/{rel}","templated":true}]}}